{"id":153,"date":"2023-06-12T21:54:39","date_gmt":"2023-06-12T19:54:39","guid":{"rendered":"https:\/\/www.manus-art.cz\/wordpress\/?page_id=153"},"modified":"2025-02-02T14:13:31","modified_gmt":"2025-02-02T12:13:31","slug":"153-2","status":"publish","type":"page","link":"https:\/\/www.manus-art.cz\/?page_id=153","title":{"rendered":"PROJEKTY"},"content":{"rendered":"\n<div style=\"height:28px\" aria-hidden=\"true\" class=\"wp-block-spacer\"><\/div>\n\n\n\n<div class=\"wp-block-columns alignfull is-style-have-gap-0 has-background-color has-text-color has-background has-link-color wp-elements-e98b42ef019007b5f09b4fbf3de2a04a is-layout-flex wp-container-core-columns-is-layout-d7d455e7 wp-block-columns-is-layout-flex\" style=\"background-color:#e6ddef;padding-top:0;padding-right:0;padding-bottom:0;padding-left:0\">\n<div class=\"wp-block-column is-layout-flow wp-block-column-is-layout-flow\" style=\"flex-basis:25%\"><\/div>\n\n\n\n<div class=\"wp-block-column is-layout-flow wp-block-column-is-layout-flow\" style=\"flex-basis:50%\">\n<div class=\"wp-block-columns is-layout-flex wp-container-core-columns-is-layout-28f84493 wp-block-columns-is-layout-flex\">\n<div class=\"wp-block-column has-custom-color-10-background-color has-background is-layout-flow wp-block-column-is-layout-flow\"><\/div>\n\n\n\n<div class=\"wp-block-column is-layout-flow wp-block-column-is-layout-flow\">\n<div class=\"wp-block-group is-style-padding-0 has-custom-color-6-color has-text-color has-content-heading-font-size is-layout-constrained wp-block-group-is-layout-constrained wp-container-1 is-position-sticky\">\n<p><a href=\"https:\/\/www.manus-art.cz\/?page_id=974\">TEPY \u010cAR<\/a><\/p>\n\n\n\n<p><a href=\"https:\/\/www.manus-art.cz\/?page_id=859\" data-type=\"URL\" data-id=\"http:\/\/manus-art.cz\/projekty\/xposure\">XPOSURE<\/a><\/p>\n\n\n\n<p><a href=\"https:\/\/www.manus-art.cz\/wordpress\/?page_id=287\" data-type=\"URL\" data-id=\"https:\/\/www.manus-art.cz\/wordpress\/?page_id=287\">M\u00cd\u0158EN\u00cd<\/a><\/p>\n\n\n\n<p><a href=\"https:\/\/www.manus-art.cz\/wordpress\/?page_id=281\" data-type=\"URL\" data-id=\"https:\/\/www.manus-art.cz\/wordpress\/?page_id=281\">THE END OF BLAHO<\/a><\/p>\n\n\n\n<p><a href=\"https:\/\/www.manus-art.cz\/wordpress\/?page_id=266\" data-type=\"URL\" data-id=\"https:\/\/www.manus-art.cz\/wordpress\/?page_id=266\">KO\u0160ILICE A OK\u0160ILA<\/a><\/p>\n\n\n\n<p><a href=\"https:\/\/www.manus-art.cz\/wordpress\/?page_id=260\" data-type=\"URL\" data-id=\"https:\/\/www.manus-art.cz\/wordpress\/?page_id=260\">NOMHADES<\/a><\/p>\n\n\n\n<p><a href=\"https:\/\/www.manus-art.cz\/wordpress\/?page_id=187\" data-type=\"URL\" data-id=\"https:\/\/www.manus-art.cz\/wordpress\/?page_id=187\" target=\"_blank\" rel=\"noreferrer noopener\">\u00c1RBAKKINN<\/a><\/p>\n<\/div>\n<\/div>\n\n\n\n<div class=\"wp-block-column is-layout-flow wp-block-column-is-layout-flow\"><\/div>\n<\/div>\n<\/div>\n\n\n\n<div class=\"wp-block-column is-layout-flow wp-block-column-is-layout-flow\" style=\"flex-basis:25%\"><\/div>\n<\/div>\n\n\n\n<div class=\"wp-block-columns alignfull is-style-have-gap-0 is-layout-flex wp-container-core-columns-is-layout-28f84493 wp-block-columns-is-layout-flex\">\n<div class=\"wp-block-column is-layout-flow wp-block-column-is-layout-flow\" style=\"flex-basis:25%\"><\/div>\n\n\n\n<div class=\"wp-block-column is-layout-flow wp-block-column-is-layout-flow\" style=\"flex-basis:50%\">\n<figure class=\"wp-block-image aligncenter size-full is-resized\"><img loading=\"lazy\" decoding=\"async\" width=\"960\" height=\"681\" src=\"https:\/\/www.manus-art.cz\/wordpress\/wp-content\/uploads\/2023\/06\/Untitled-1\u0441-1-1.png\" alt=\"\" class=\"wp-image-156\" style=\"object-fit:contain;width:904px;height:641px\" srcset=\"https:\/\/www.manus-art.cz\/wp-content\/uploads\/2023\/06\/Untitled-1\u0441-1-1.png 960w, https:\/\/www.manus-art.cz\/wp-content\/uploads\/2023\/06\/Untitled-1\u0441-1-1-300x213.png 300w, https:\/\/www.manus-art.cz\/wp-content\/uploads\/2023\/06\/Untitled-1\u0441-1-1-768x545.png 768w\" sizes=\"auto, (max-width: 960px) 100vw, 960px\" \/><\/figure>\n<\/div>\n\n\n\n<div class=\"wp-block-column is-layout-flow wp-block-column-is-layout-flow\" style=\"flex-basis:25%\"><\/div>\n<\/div>\n","protected":false},"excerpt":{"rendered":"<p>TEPY \u010cAR XPOSURE M\u00cd\u0158EN\u00cd THE END OF BLAHO KO\u0160ILICE A OK\u0160ILA NOMHADES \u00c1RBAKKINN<\/p>\n","protected":false},"author":1,"featured_media":0,"parent":0,"menu_order":0,"comment_status":"closed","ping_status":"closed","template":"","meta":{"_eb_attr":"","footnotes":""},"class_list":["post-153","page","type-page","status-publish","hentry"],"_links":{"self":[{"href":"https:\/\/www.manus-art.cz\/index.php?rest_route=\/wp\/v2\/pages\/153","targetHints":{"allow":["GET"]}}],"collection":[{"href":"https:\/\/www.manus-art.cz\/index.php?rest_route=\/wp\/v2\/pages"}],"about":[{"href":"https:\/\/www.manus-art.cz\/index.php?rest_route=\/wp\/v2\/types\/page"}],"author":[{"embeddable":true,"href":"https:\/\/www.manus-art.cz\/index.php?rest_route=\/wp\/v2\/users\/1"}],"replies":[{"embeddable":true,"href":"https:\/\/www.manus-art.cz\/index.php?rest_route=%2Fwp%2Fv2%2Fcomments&post=153"}],"version-history":[{"count":45,"href":"https:\/\/www.manus-art.cz\/index.php?rest_route=\/wp\/v2\/pages\/153\/revisions"}],"predecessor-version":[{"id":1032,"href":"https:\/\/www.manus-art.cz\/index.php?rest_route=\/wp\/v2\/pages\/153\/revisions\/1032"}],"wp:attachment":[{"href":"https:\/\/www.manus-art.cz\/index.php?rest_route=%2Fwp%2Fv2%2Fmedia&parent=153"}],"curies":[{"name":"wp","href":"https:\/\/api.w.org\/{rel}","templated":true}]}}