{"id":260,"date":"2023-06-18T21:38:08","date_gmt":"2023-06-18T19:38:08","guid":{"rendered":"https:\/\/www.manus-art.cz\/wordpress\/?page_id=260"},"modified":"2023-07-02T19:59:44","modified_gmt":"2023-07-02T17:59:44","slug":"nomhades","status":"publish","type":"page","link":"https:\/\/www.manus-art.cz\/?page_id=260","title":{"rendered":"NOMHADES"},"content":{"rendered":"\n<div class=\"wp-block-columns alignfull is-style-have-gap-0 is-layout-flex wp-container-core-columns-is-layout-28f84493 wp-block-columns-is-layout-flex\">\n<div class=\"wp-block-column is-layout-flow wp-block-column-is-layout-flow\" style=\"flex-basis:25%\"><\/div>\n\n\n\n<div class=\"wp-block-column is-layout-flow wp-block-column-is-layout-flow\" style=\"flex-basis:50%\">\n<div class=\"wp-block-columns is-layout-flex wp-container-core-columns-is-layout-28f84493 wp-block-columns-is-layout-flex\">\n<div class=\"wp-block-column is-layout-flow wp-block-column-is-layout-flow\" style=\"flex-basis:33.33%\"><\/div>\n\n\n\n<div class=\"wp-block-column has-custom-color-10-background-color has-background is-layout-flow wp-block-column-is-layout-flow\" style=\"flex-basis:66.66%\">\n<p class=\"has-text-align-left has-text-color\" style=\"color:#099ac6;font-size:44px\">NOMHADES<\/p>\n<\/div>\n<\/div>\n<\/div>\n\n\n\n<div class=\"wp-block-column is-layout-flow wp-block-column-is-layout-flow\" style=\"flex-basis:25%\"><\/div>\n<\/div>\n\n\n\n<div style=\"height:20px\" aria-hidden=\"true\" class=\"wp-block-spacer\"><\/div>\n\n\n\n<div class=\"wp-block-columns alignfull is-style-have-gap-0 is-layout-flex wp-container-core-columns-is-layout-28f84493 wp-block-columns-is-layout-flex\">\n<div class=\"wp-block-column is-layout-flow wp-block-column-is-layout-flow\" style=\"flex-basis:25%\"><\/div>\n\n\n\n<div class=\"wp-block-column is-layout-flow wp-block-column-is-layout-flow\" style=\"flex-basis:50%\">\n<div class=\"wp-block-columns is-layout-flex wp-container-core-columns-is-layout-28f84493 wp-block-columns-is-layout-flex\">\n<div class=\"wp-block-column is-layout-flow wp-block-column-is-layout-flow\" style=\"flex-basis:33.33%\"><\/div>\n\n\n\n<div class=\"wp-block-column is-layout-flow wp-block-column-is-layout-flow\" style=\"flex-basis:66.66%\">\n<p class=\"has-color-dark-color has-text-color has-upper-heading-font-size\">P\u0159i\u0161li jsme o v\u0161e. O domov, majetek, rodiny, sv\u00e9 bl\u00edzk\u00e9. Ze dne na den jsme nik\u00fdm, necht\u011bn\u00fdm zbo\u017e\u00edm. Vydali jsme se tedy na cestu. Na cestu do Evropy. Na cestu za nov\u00fdm \u017eivotem. Ale octli jsme se tady. Za plotem. V ohrad\u011b. Jsme zav\u0159eni a necht\u011bni i tady v Evrop\u011b. Jsmev za\u010darovan\u00e9m kruhu. Kilometr, kilometr, kilometr.<\/p>\n<\/div>\n<\/div>\n<\/div>\n\n\n\n<div class=\"wp-block-column is-layout-flow wp-block-column-is-layout-flow\" style=\"flex-basis:25%\"><\/div>\n<\/div>\n\n\n\n<div style=\"height:20px\" aria-hidden=\"true\" class=\"wp-block-spacer\"><\/div>\n\n\n\n<div class=\"wp-block-columns alignfull is-style-have-gap-0 is-layout-flex wp-container-core-columns-is-layout-28f84493 wp-block-columns-is-layout-flex\">\n<div class=\"wp-block-column is-layout-flow wp-block-column-is-layout-flow\" style=\"flex-basis:25%\"><\/div>\n\n\n\n<div class=\"wp-block-column is-layout-flow wp-block-column-is-layout-flow\" style=\"flex-basis:50%\">\n<div class=\"wp-block-columns is-layout-flex wp-container-core-columns-is-layout-28f84493 wp-block-columns-is-layout-flex\">\n<div class=\"wp-block-column is-layout-flow wp-block-column-is-layout-flow\">\n<figure class=\"wp-block-embed is-type-video is-provider-youtube wp-block-embed-youtube wp-embed-aspect-16-9 wp-has-aspect-ratio\"><div class=\"wp-block-embed__wrapper\">\n<iframe loading=\"lazy\" title=\"NomHades\" width=\"500\" height=\"281\" src=\"https:\/\/www.youtube.com\/embed\/5iYr1T1mB0c?feature=oembed\" frameborder=\"0\" allow=\"accelerometer; autoplay; clipboard-write; encrypted-media; gyroscope; picture-in-picture; web-share\" referrerpolicy=\"strict-origin-when-cross-origin\" allowfullscreen><\/iframe>\n<\/div><\/figure>\n<\/div>\n<\/div>\n<\/div>\n\n\n\n<div class=\"wp-block-column is-layout-flow wp-block-column-is-layout-flow\" style=\"flex-basis:25%\"><\/div>\n<\/div>\n\n\n\n<div style=\"height:20px\" aria-hidden=\"true\" class=\"wp-block-spacer\"><\/div>\n\n\n\n<div class=\"wp-block-columns alignfull is-style-have-gap-0 has-background is-layout-flex wp-container-core-columns-is-layout-28f84493 wp-block-columns-is-layout-flex\" style=\"background-color:#099ac6\">\n<div class=\"wp-block-column is-layout-flow wp-block-column-is-layout-flow\" style=\"flex-basis:25%\"><\/div>\n\n\n\n<div class=\"wp-block-column is-layout-flow wp-block-column-is-layout-flow\" style=\"flex-basis:50%\">\n<div class=\"wp-block-columns is-layout-flex wp-container-core-columns-is-layout-28f84493 wp-block-columns-is-layout-flex\">\n<div class=\"wp-block-column is-layout-flow wp-block-column-is-layout-flow\" style=\"flex-basis:33.33%\"><\/div>\n\n\n\n<div class=\"wp-block-column is-layout-flow wp-block-column-is-layout-flow\" style=\"flex-basis:66.66%\">\n<p class=\"has-upper-heading-font-size\"><strong>Choreografie, re\u017eie<\/strong> \u0160imon Klus<\/p>\n\n\n\n<p class=\"has-upper-heading-font-size\"><strong>Interpretace:<\/strong>&nbsp;Anna Kroupov\u00e1, Barbora Pt\u00e1\u010dkov\u00e1, Don Yimbi Mulefu, Jolana \u0160turmov\u00e1, Petr \u010c\u00ed\u017eek, \u0160\u00e1rka \u0158\u00edhov\u00e1<\/p>\n\n\n\n<p class=\"has-upper-heading-font-size\"><strong>Choreografick\u00e1 spolupr\u00e1ce:<\/strong> \u0160t\u011bp\u00e1na Nlasa Mfuta<\/p>\n\n\n\n<p class=\"has-upper-heading-font-size\"><strong>Hudba:<\/strong> Vojt\u011bch \u0160embera<\/p>\n\n\n\n<p class=\"has-upper-heading-font-size\"><strong>Light design:<\/strong> Tom\u00e1\u0161 Mor\u00e1vek<\/p>\n\n\n\n<p class=\"has-upper-heading-font-size\"><strong>Produkce:<\/strong> MANUS Art Collective z.s.<\/p>\n\n\n\n<p class=\"has-upper-heading-font-size\"><strong>Za podpory:<\/strong> MK\u010cR, Visegrad Fund, Bakelit Multi Art Centre, Divadlo X10, Studio ALTA, Nov\u00e1 s\u00ed\u0165<\/p>\n<\/div>\n<\/div>\n<\/div>\n\n\n\n<div class=\"wp-block-column is-layout-flow wp-block-column-is-layout-flow\" style=\"flex-basis:25%\"><\/div>\n<\/div>\n\n\n\n<div style=\"height:20px\" aria-hidden=\"true\" class=\"wp-block-spacer\"><\/div>\n\n\n\n<div class=\"wp-block-columns alignfull is-layout-flex wp-container-core-columns-is-layout-28f84493 wp-block-columns-is-layout-flex\">\n<div class=\"wp-block-column is-layout-flow wp-block-column-is-layout-flow\" style=\"flex-basis:25%\"><\/div>\n\n\n\n<div class=\"wp-block-column is-layout-flow wp-block-column-is-layout-flow\" style=\"flex-basis:50%\">\n<div class=\"wp-block-columns is-layout-flex wp-container-core-columns-is-layout-28f84493 wp-block-columns-is-layout-flex\">\n<div class=\"wp-block-column is-layout-flow wp-block-column-is-layout-flow\" style=\"flex-basis:33.33%\"><\/div>\n\n\n\n<div class=\"wp-block-column is-vertically-aligned-center is-layout-flow wp-block-column-is-layout-flow\" style=\"flex-basis:66.66%\">\n<div class=\"wp-block-image-gallery-block-image-gallery-block\"><div class=\"eb-parent-wrapper eb-parent-eb-image-gallery-ggpjzfm eb_animation eb___animated eb___fadeIn\"><div class=\"eb-gallery-img-wrapper eb-image-gallery-ggpjzfm grid overlay-bottom caption-style-0  \" data-id=\"eb-image-gallery-ggpjzfm\"><a href=\"https:\/\/www.manus-art.cz\/wordpress\/wp-content\/uploads\/2023\/06\/Screenshot-2023-06-18-at-17-19-05-MANUS.ART_.COLLECTIVE-z.s.-@manus.art_.collective-Instagram-1024x793.png\" id=\"eb-gallery-img-content\" data-fslightbox=\"gallery\" data-type=\"image\" class=\"eb-gallery-img-content eb-filter-img-\"><span class=\"eb-gallery-link-wrapper\"><img decoding=\"async\" class=\"eb-gallery-img\" src=\"https:\/\/www.manus-art.cz\/wordpress\/wp-content\/uploads\/2023\/06\/Screenshot-2023-06-18-at-17-19-05-MANUS.ART_.COLLECTIVE-z.s.-@manus.art_.collective-Instagram-1024x793.png\" image-index=\"0\" alt=\"\"\/><\/span><\/a><a href=\"https:\/\/www.manus-art.cz\/wordpress\/wp-content\/uploads\/2023\/06\/DSC_3318-1-1024x684.jpg\" id=\"eb-gallery-img-content\" data-fslightbox=\"gallery\" data-type=\"image\" class=\"eb-gallery-img-content eb-filter-img-\"><span class=\"eb-gallery-link-wrapper\"><img decoding=\"async\" class=\"eb-gallery-img\" src=\"https:\/\/www.manus-art.cz\/wordpress\/wp-content\/uploads\/2023\/06\/DSC_3318-1-1024x684.jpg\" image-index=\"1\" alt=\"\"\/><\/span><\/a><a href=\"https:\/\/www.manus-art.cz\/wordpress\/wp-content\/uploads\/2023\/06\/DSC_3094-1-1024x684.jpg\" id=\"eb-gallery-img-content\" data-fslightbox=\"gallery\" data-type=\"image\" class=\"eb-gallery-img-content eb-filter-img-\"><span class=\"eb-gallery-link-wrapper\"><img decoding=\"async\" class=\"eb-gallery-img\" src=\"https:\/\/www.manus-art.cz\/wordpress\/wp-content\/uploads\/2023\/06\/DSC_3094-1-1024x684.jpg\" image-index=\"2\" alt=\"\"\/><\/span><\/a><a href=\"https:\/\/www.manus-art.cz\/wordpress\/wp-content\/uploads\/2023\/06\/DSC_3048-1-1024x684.jpg\" id=\"eb-gallery-img-content\" data-fslightbox=\"gallery\" data-type=\"image\" class=\"eb-gallery-img-content eb-filter-img-\"><span class=\"eb-gallery-link-wrapper\"><img decoding=\"async\" class=\"eb-gallery-img\" src=\"https:\/\/www.manus-art.cz\/wordpress\/wp-content\/uploads\/2023\/06\/DSC_3048-1-1024x684.jpg\" image-index=\"3\" alt=\"\"\/><\/span><\/a><a href=\"https:\/\/www.manus-art.cz\/wordpress\/wp-content\/uploads\/2023\/06\/DSC_3360-1-1024x684.jpg\" id=\"eb-gallery-img-content\" data-fslightbox=\"gallery\" data-type=\"image\" class=\"eb-gallery-img-content eb-filter-img-\"><span class=\"eb-gallery-link-wrapper\"><img decoding=\"async\" class=\"eb-gallery-img\" src=\"https:\/\/www.manus-art.cz\/wordpress\/wp-content\/uploads\/2023\/06\/DSC_3360-1-1024x684.jpg\" image-index=\"4\" alt=\"\"\/><\/span><\/a><a href=\"https:\/\/www.manus-art.cz\/wordpress\/wp-content\/uploads\/2023\/06\/DSC_3169-1-1024x684.jpg\" id=\"eb-gallery-img-content\" data-fslightbox=\"gallery\" data-type=\"image\" class=\"eb-gallery-img-content eb-filter-img-\"><span class=\"eb-gallery-link-wrapper\"><img decoding=\"async\" class=\"eb-gallery-img\" src=\"https:\/\/www.manus-art.cz\/wordpress\/wp-content\/uploads\/2023\/06\/DSC_3169-1-1024x684.jpg\" image-index=\"5\" alt=\"\"\/><\/span><\/a><\/div><\/div><\/div>\n<\/div>\n<\/div>\n<\/div>\n\n\n\n<div class=\"wp-block-column is-layout-flow wp-block-column-is-layout-flow\" style=\"flex-basis:25%\"><\/div>\n<\/div>\n\n\n\n<div style=\"height:20px\" aria-hidden=\"true\" class=\"wp-block-spacer\"><\/div>\n\n\n\n<div class=\"wp-block-columns alignfull is-style-have-gap-0 is-layout-flex wp-container-core-columns-is-layout-28f84493 wp-block-columns-is-layout-flex\">\n<div class=\"wp-block-column is-layout-flow wp-block-column-is-layout-flow\" style=\"flex-basis:25%\"><\/div>\n\n\n\n<div class=\"wp-block-column is-layout-flow wp-block-column-is-layout-flow\" style=\"flex-basis:50%\">\n<div class=\"wp-block-columns is-layout-flex wp-container-core-columns-is-layout-28f84493 wp-block-columns-is-layout-flex\">\n<div class=\"wp-block-column is-layout-flow wp-block-column-is-layout-flow\" style=\"flex-basis:33.33%\"><\/div>\n\n\n\n<div class=\"wp-block-column is-layout-flow wp-block-column-is-layout-flow\" style=\"flex-basis:66.66%\">\n<p class=\"has-color-dark-color has-text-color has-link-color has-medium-font-size wp-elements-535ac4855ed39c672d72f66ab0c2f8f9\">Foto: <a href=\"https:\/\/www.instagram.com\/adele.h.cz\/\" data-type=\"URL\" data-id=\"https:\/\/www.instagram.com\/adele.h.cz\/\"><strong>Adele Horelicov\u00e1<\/strong><\/a>, <a href=\"https:\/\/www.instagram.com\/brtnicky\/\" data-type=\"URL\" data-id=\"https:\/\/www.instagram.com\/brtnicky\/\"><strong>Vojt\u011bch Brtnick\u00fd<\/strong><\/a><\/p>\n<\/div>\n<\/div>\n<\/div>\n\n\n\n<div class=\"wp-block-column is-layout-flow wp-block-column-is-layout-flow\" style=\"flex-basis:25%\"><\/div>\n<\/div>\n\n\n\n<div class=\"wp-block-columns alignfull is-style-have-gap-0 is-layout-flex wp-container-core-columns-is-layout-28f84493 wp-block-columns-is-layout-flex\">\n<div class=\"wp-block-column is-layout-flow wp-block-column-is-layout-flow\" style=\"flex-basis:25%\"><\/div>\n\n\n\n<div class=\"wp-block-column is-layout-flow wp-block-column-is-layout-flow\" style=\"flex-basis:50%\">\n<div class=\"wp-block-columns is-layout-flex wp-container-core-columns-is-layout-28f84493 wp-block-columns-is-layout-flex\">\n<div class=\"wp-block-column is-layout-flow wp-block-column-is-layout-flow\" style=\"flex-basis:33.33%\"><\/div>\n\n\n\n<div class=\"wp-block-column is-layout-flow wp-block-column-is-layout-flow\" style=\"flex-basis:66.66%\">\n<div class=\"wp-block-group is-layout-constrained wp-block-group-is-layout-constrained\">\n<p class=\"has-color-dark-color has-text-color has-link-color has-medium-font-size wp-elements-87182aa488e10e35c46980a56f966335\"><\/p>\n<\/div>\n<\/div>\n<\/div>\n<\/div>\n\n\n\n<div class=\"wp-block-column is-layout-flow wp-block-column-is-layout-flow\" style=\"flex-basis:25%\"><\/div>\n<\/div>\n\n\n\n<div style=\"height:40px\" aria-hidden=\"true\" class=\"wp-block-spacer\"><\/div>\n\n\n\n<div class=\"wp-block-columns alignfull is-style-have-gap-0 is-layout-flex wp-container-core-columns-is-layout-28f84493 wp-block-columns-is-layout-flex\">\n<div class=\"wp-block-column is-layout-flow wp-block-column-is-layout-flow\" style=\"flex-basis:25%\"><\/div>\n\n\n\n<div class=\"wp-block-column is-layout-flow wp-block-column-is-layout-flow\" style=\"flex-basis:50%\">\n<div class=\"wp-block-columns is-layout-flex wp-container-core-columns-is-layout-28f84493 wp-block-columns-is-layout-flex\">\n<div class=\"wp-block-column is-layout-flow wp-block-column-is-layout-flow\">\n<figure class=\"wp-block-embed is-type-video is-provider-youtube wp-block-embed-youtube wp-embed-aspect-16-9 wp-has-aspect-ratio\"><div class=\"wp-block-embed__wrapper\">\n<iframe loading=\"lazy\" title=\"NomHades work-in-progress\" width=\"500\" height=\"281\" src=\"https:\/\/www.youtube.com\/embed\/ktAv47lIJpc?feature=oembed\" frameborder=\"0\" allow=\"accelerometer; autoplay; clipboard-write; encrypted-media; gyroscope; picture-in-picture; web-share\" referrerpolicy=\"strict-origin-when-cross-origin\" allowfullscreen><\/iframe>\n<\/div><\/figure>\n<\/div>\n<\/div>\n<\/div>\n\n\n\n<div class=\"wp-block-column is-layout-flow wp-block-column-is-layout-flow\" style=\"flex-basis:25%\"><\/div>\n<\/div>\n\n\n\n<div style=\"height:20px\" aria-hidden=\"true\" class=\"wp-block-spacer\"><\/div>\n\n\n\n<div class=\"wp-block-columns alignfull is-style-have-gap-0 is-layout-flex wp-container-core-columns-is-layout-28f84493 wp-block-columns-is-layout-flex\">\n<div class=\"wp-block-column is-layout-flow wp-block-column-is-layout-flow\" style=\"flex-basis:25%\"><\/div>\n\n\n\n<div class=\"wp-block-column is-layout-flow wp-block-column-is-layout-flow\" style=\"flex-basis:50%\">\n<div class=\"wp-block-columns is-layout-flex wp-container-core-columns-is-layout-28f84493 wp-block-columns-is-layout-flex\">\n<div class=\"wp-block-column is-layout-flow wp-block-column-is-layout-flow\">\n<figure class=\"wp-block-embed is-type-video is-provider-youtube wp-block-embed-youtube wp-embed-aspect-16-9 wp-has-aspect-ratio\"><div class=\"wp-block-embed__wrapper\">\n<iframe loading=\"lazy\" title=\"O NomHades - Open Sunday\" width=\"500\" height=\"281\" src=\"https:\/\/www.youtube.com\/embed\/qB7cVzL8YME?feature=oembed\" frameborder=\"0\" allow=\"accelerometer; autoplay; clipboard-write; encrypted-media; gyroscope; picture-in-picture; web-share\" referrerpolicy=\"strict-origin-when-cross-origin\" allowfullscreen><\/iframe>\n<\/div><\/figure>\n<\/div>\n<\/div>\n<\/div>\n\n\n\n<div class=\"wp-block-column is-layout-flow wp-block-column-is-layout-flow\" style=\"flex-basis:25%\"><\/div>\n<\/div>\n\n\n\n<div style=\"height:20px\" aria-hidden=\"true\" class=\"wp-block-spacer\"><\/div>\n\n\n\n<div class=\"wp-block-columns alignfull is-style-have-gap-0 is-layout-flex wp-container-core-columns-is-layout-28f84493 wp-block-columns-is-layout-flex\">\n<div class=\"wp-block-column is-layout-flow wp-block-column-is-layout-flow\" style=\"flex-basis:25%\"><\/div>\n\n\n\n<div class=\"wp-block-column is-layout-flow wp-block-column-is-layout-flow\" style=\"flex-basis:50%\">\n<div class=\"wp-block-columns is-layout-flex wp-container-core-columns-is-layout-28f84493 wp-block-columns-is-layout-flex\">\n<div class=\"wp-block-column is-layout-flow wp-block-column-is-layout-flow\">\n<figure class=\"wp-block-embed is-type-video is-provider-youtube wp-block-embed-youtube wp-embed-aspect-16-9 wp-has-aspect-ratio\"><div class=\"wp-block-embed__wrapper\">\n<iframe loading=\"lazy\" title=\"NomHades - teaser\" width=\"500\" height=\"281\" src=\"https:\/\/www.youtube.com\/embed\/z5ZUXpyiHLk?feature=oembed\" frameborder=\"0\" allow=\"accelerometer; autoplay; clipboard-write; encrypted-media; gyroscope; picture-in-picture; web-share\" referrerpolicy=\"strict-origin-when-cross-origin\" allowfullscreen><\/iframe>\n<\/div><\/figure>\n<\/div>\n<\/div>\n<\/div>\n\n\n\n<div class=\"wp-block-column is-layout-flow wp-block-column-is-layout-flow\" style=\"flex-basis:25%\"><\/div>\n<\/div>\n","protected":false},"excerpt":{"rendered":"<p>NOMHADES P\u0159i\u0161li jsme o v\u0161e. O domov, majetek, rodiny, sv\u00e9 bl\u00edzk\u00e9. Ze dne na den jsme nik\u00fdm, necht\u011bn\u00fdm zbo\u017e\u00edm. Vydali jsme se tedy na cestu. Na cestu do Evropy. Na cestu za nov\u00fdm \u017eivotem. Ale octli jsme se tady. Za plotem. V ohrad\u011b. Jsme zav\u0159eni a necht\u011bni i tady v Evrop\u011b. Jsmev za\u010darovan\u00e9m kruhu. Kilometr, [&hellip;]<\/p>\n","protected":false},"author":1,"featured_media":0,"parent":0,"menu_order":0,"comment_status":"closed","ping_status":"closed","template":"","meta":{"_eb_attr":"","footnotes":""},"class_list":["post-260","page","type-page","status-publish","hentry"],"_links":{"self":[{"href":"https:\/\/www.manus-art.cz\/index.php?rest_route=\/wp\/v2\/pages\/260","targetHints":{"allow":["GET"]}}],"collection":[{"href":"https:\/\/www.manus-art.cz\/index.php?rest_route=\/wp\/v2\/pages"}],"about":[{"href":"https:\/\/www.manus-art.cz\/index.php?rest_route=\/wp\/v2\/types\/page"}],"author":[{"embeddable":true,"href":"https:\/\/www.manus-art.cz\/index.php?rest_route=\/wp\/v2\/users\/1"}],"replies":[{"embeddable":true,"href":"https:\/\/www.manus-art.cz\/index.php?rest_route=%2Fwp%2Fv2%2Fcomments&post=260"}],"version-history":[{"count":31,"href":"https:\/\/www.manus-art.cz\/index.php?rest_route=\/wp\/v2\/pages\/260\/revisions"}],"predecessor-version":[{"id":664,"href":"https:\/\/www.manus-art.cz\/index.php?rest_route=\/wp\/v2\/pages\/260\/revisions\/664"}],"wp:attachment":[{"href":"https:\/\/www.manus-art.cz\/index.php?rest_route=%2Fwp%2Fv2%2Fmedia&parent=260"}],"curies":[{"name":"wp","href":"https:\/\/api.w.org\/{rel}","templated":true}]}}