{"id":369,"date":"2023-06-18T21:32:50","date_gmt":"2023-06-18T19:32:50","guid":{"rendered":"https:\/\/www.manus-art.cz\/wordpress\/?page_id=369"},"modified":"2025-02-09T17:06:14","modified_gmt":"2025-02-09T15:06:14","slug":"kalendar","status":"publish","type":"page","link":"https:\/\/www.manus-art.cz\/?page_id=369","title":{"rendered":"KALEND\u00c1\u0158"},"content":{"rendered":"\n<div style=\"height:100px\" aria-hidden=\"true\" class=\"wp-block-spacer\"><\/div>\n\n\n\n<div class=\"wp-block-columns alignfull is-style-have-gap-0 is-layout-flex wp-container-core-columns-is-layout-28f84493 wp-block-columns-is-layout-flex\">\n<div class=\"wp-block-column is-layout-flow wp-block-column-is-layout-flow\" style=\"flex-basis:33.33%\"><\/div>\n\n\n\n<div class=\"wp-block-column is-layout-flow wp-block-column-is-layout-flow\" style=\"flex-basis:66.66%\">\n<div class=\"wp-block-columns is-layout-flex wp-container-core-columns-is-layout-28f84493 wp-block-columns-is-layout-flex\">\n<div class=\"wp-block-column is-layout-flow wp-block-column-is-layout-flow\" style=\"flex-basis:100%\">\n<figure class=\"wp-block-image size-large\"><img loading=\"lazy\" decoding=\"async\" width=\"1024\" height=\"745\" src=\"https:\/\/www.manus-art.cz\/wordpress\/wp-content\/uploads\/2023\/06\/Group-47-1024x745.png\" alt=\"\" class=\"wp-image-379\" style=\"object-fit:contain\" srcset=\"https:\/\/www.manus-art.cz\/wp-content\/uploads\/2023\/06\/Group-47-1024x745.png 1024w, https:\/\/www.manus-art.cz\/wp-content\/uploads\/2023\/06\/Group-47-300x218.png 300w, https:\/\/www.manus-art.cz\/wp-content\/uploads\/2023\/06\/Group-47-768x558.png 768w, https:\/\/www.manus-art.cz\/wp-content\/uploads\/2023\/06\/Group-47.png 1305w\" sizes=\"auto, (max-width: 1024px) 100vw, 1024px\" \/><\/figure>\n<\/div>\n<\/div>\n<\/div>\n<\/div>\n\n\n\n<div style=\"height:20px\" aria-hidden=\"true\" class=\"wp-block-spacer\"><\/div>\n\n\n\n<div style=\"height:20px\" aria-hidden=\"true\" class=\"wp-block-spacer\"><\/div>\n\n\n\n<div style=\"height:20px\" aria-hidden=\"true\" class=\"wp-block-spacer\"><\/div>\n\n\n\n<div style=\"height:20px\" aria-hidden=\"true\" class=\"wp-block-spacer\"><\/div>\n\n\n\n<div class=\"wp-block-columns alignwide has-color-dark-color has-custom-color-10-background-color has-text-color has-background has-link-color wp-elements-7dd1f955c60e6220971d1a451d2a81e1 is-layout-flex wp-container-core-columns-is-layout-d7d455e7 wp-block-columns-is-layout-flex\" style=\"padding-top:0;padding-right:0;padding-bottom:0;padding-left:0\">\n<div class=\"wp-block-column is-layout-flow wp-block-column-is-layout-flow\" style=\"flex-basis:25%\"><\/div>\n\n\n\n<div class=\"wp-block-column is-layout-flow wp-block-column-is-layout-flow\" style=\"flex-basis:50%\">\n<p class=\"has-text-align-center has-luminous-vivid-orange-color has-text-color has-content-heading-font-size\"><strong>\ud83d\udd25HOT\ud83d\udd25<\/strong><\/p>\n<\/div>\n\n\n\n<div class=\"wp-block-column is-layout-flow wp-block-column-is-layout-flow\" style=\"flex-basis:25%\"><\/div>\n<\/div>\n\n\n\n<div style=\"height:20px\" aria-hidden=\"true\" class=\"wp-block-spacer\"><\/div>\n\n\n\n<div class=\"wp-block-columns alignwide has-color-dark-color has-custom-color-8-background-color has-text-color has-background has-link-color wp-elements-17d838137e80dc3414b541fc118407d2 is-layout-flex wp-container-core-columns-is-layout-d7d455e7 wp-block-columns-is-layout-flex\" style=\"padding-top:0;padding-right:0;padding-bottom:0;padding-left:0\">\n<div class=\"wp-block-column is-layout-flow wp-block-column-is-layout-flow\">\n<p class=\"has-text-align-center\">30. 3. 2025<\/p>\n<\/div>\n\n\n\n<div class=\"wp-block-column is-layout-flow wp-block-column-is-layout-flow\">\n<p class=\"has-text-align-center\"><strong><strong><strong><a href=\"https:\/\/www.manus-art.cz\/?page_id=974\" target=\"_blank\" rel=\"noreferrer noopener\">TEPY \u010cAR<\/a><\/strong><\/strong><\/strong><\/p>\n<\/div>\n\n\n\n<div class=\"wp-block-column is-layout-flow wp-block-column-is-layout-flow\">\n<p class=\"has-text-align-center\">JATKA78<\/p>\n<\/div>\n\n\n\n<div class=\"wp-block-column is-layout-flow wp-block-column-is-layout-flow\">\n<p class=\"has-text-align-center\"><a href=\"https:\/\/www.jatka78.cz\/cs\/inscenace\/tepy-car\" data-type=\"link\" data-id=\"https:\/\/divadlobravo.cz\/\" target=\"_blank\" rel=\"noreferrer noopener\"><strong>Vstupenky<\/strong><\/a><\/p>\n<\/div>\n<\/div>\n\n\n\n<div style=\"height:20px\" aria-hidden=\"true\" class=\"wp-block-spacer\"><\/div>\n\n\n\n<div class=\"wp-block-columns alignwide has-color-dark-color has-custom-color-8-background-color has-text-color has-background has-link-color wp-elements-cf6389ece3318d4bda1998c972e7c748 is-layout-flex wp-container-core-columns-is-layout-d7d455e7 wp-block-columns-is-layout-flex\" style=\"padding-top:0;padding-right:0;padding-bottom:0;padding-left:0\">\n<div class=\"wp-block-column is-layout-flow wp-block-column-is-layout-flow\">\n<p class=\"has-text-align-center\">31. 3. 2025<\/p>\n<\/div>\n\n\n\n<div class=\"wp-block-column is-layout-flow wp-block-column-is-layout-flow\">\n<p class=\"has-text-align-center\"><strong><strong><strong><a href=\"https:\/\/www.manus-art.cz\/?page_id=974\" target=\"_blank\" rel=\"noreferrer noopener\">TEPY \u010cAR<\/a><\/strong><\/strong><\/strong><\/p>\n<\/div>\n\n\n\n<div class=\"wp-block-column is-layout-flow wp-block-column-is-layout-flow\">\n<p class=\"has-text-align-center\">JATKA78<\/p>\n<\/div>\n\n\n\n<div class=\"wp-block-column is-layout-flow wp-block-column-is-layout-flow\">\n<p class=\"has-text-align-center\"><a href=\"https:\/\/www.jatka78.cz\/cs\/inscenace\/tepy-car\" data-type=\"link\" data-id=\"https:\/\/divadlobravo.cz\/\" target=\"_blank\" rel=\"noreferrer noopener\"><strong>Vstupenky<\/strong><\/a><\/p>\n<\/div>\n<\/div>\n\n\n\n<div style=\"height:20px\" aria-hidden=\"true\" class=\"wp-block-spacer\"><\/div>\n\n\n\n<div class=\"wp-block-columns alignwide has-color-dark-color has-custom-color-8-background-color has-text-color has-background has-link-color wp-elements-c3741f75b4277c10318b70b16afe275d is-layout-flex wp-container-core-columns-is-layout-d7d455e7 wp-block-columns-is-layout-flex\" style=\"padding-top:0;padding-right:0;padding-bottom:0;padding-left:0\">\n<div class=\"wp-block-column is-layout-flow wp-block-column-is-layout-flow\">\n<p class=\"has-text-align-center\">13. 4. 2025<\/p>\n<\/div>\n\n\n\n<div class=\"wp-block-column is-layout-flow wp-block-column-is-layout-flow\">\n<p class=\"has-text-align-center\"><strong><strong><strong><a href=\"https:\/\/www.manus-art.cz\/?page_id=974\" target=\"_blank\" rel=\"noreferrer noopener\">TEPY \u010cAR<\/a><\/strong><\/strong><\/strong><\/p>\n<\/div>\n\n\n\n<div class=\"wp-block-column is-layout-flow wp-block-column-is-layout-flow\">\n<p class=\"has-text-align-center\">JATKA78<\/p>\n<\/div>\n\n\n\n<div class=\"wp-block-column is-layout-flow wp-block-column-is-layout-flow\">\n<p class=\"has-text-align-center\"><a href=\"https:\/\/www.jatka78.cz\/cs\/inscenace\/tepy-car\" data-type=\"link\" data-id=\"https:\/\/divadlobravo.cz\/\" target=\"_blank\" rel=\"noreferrer noopener\"><strong>Vstupenky<\/strong><\/a><\/p>\n<\/div>\n<\/div>\n\n\n\n<div style=\"height:20px\" aria-hidden=\"true\" class=\"wp-block-spacer\"><\/div>\n\n\n\n<div class=\"wp-block-columns alignwide has-color-dark-color has-custom-color-8-background-color has-text-color has-background has-link-color wp-elements-07359d03e4a8e95dddd557a1683f751a is-layout-flex wp-container-core-columns-is-layout-d7d455e7 wp-block-columns-is-layout-flex\" style=\"padding-top:0;padding-right:0;padding-bottom:0;padding-left:0\">\n<div class=\"wp-block-column is-layout-flow wp-block-column-is-layout-flow\">\n<p class=\"has-text-align-center\">14. 4. 2025<\/p>\n<\/div>\n\n\n\n<div class=\"wp-block-column is-layout-flow wp-block-column-is-layout-flow\">\n<p class=\"has-text-align-center\"><strong><strong><strong><a href=\"https:\/\/www.manus-art.cz\/?page_id=974\" target=\"_blank\" rel=\"noreferrer noopener\">TEPY \u010cAR<\/a><\/strong><\/strong><\/strong><\/p>\n<\/div>\n\n\n\n<div class=\"wp-block-column is-layout-flow wp-block-column-is-layout-flow\">\n<p class=\"has-text-align-center\">JATKA78<\/p>\n<\/div>\n\n\n\n<div class=\"wp-block-column is-layout-flow wp-block-column-is-layout-flow\">\n<p class=\"has-text-align-center\"><a href=\"https:\/\/www.jatka78.cz\/cs\/inscenace\/tepy-car\" data-type=\"link\" data-id=\"https:\/\/divadlobravo.cz\/\" target=\"_blank\" rel=\"noreferrer noopener\"><strong>Vstupenky<\/strong><\/a><\/p>\n<\/div>\n<\/div>\n\n\n\n<div style=\"height:20px\" aria-hidden=\"true\" class=\"wp-block-spacer\"><\/div>\n\n\n\n<div class=\"wp-block-columns alignwide has-color-dark-color has-custom-color-8-background-color has-text-color has-background has-link-color wp-elements-59f4a5637fcb3ca7d94fb1c27dc4e5aa is-layout-flex wp-container-core-columns-is-layout-d7d455e7 wp-block-columns-is-layout-flex\" style=\"padding-top:0;padding-right:0;padding-bottom:0;padding-left:0\">\n<div class=\"wp-block-column is-layout-flow wp-block-column-is-layout-flow\">\n<p class=\"has-text-align-center\">20. 6. 2025<\/p>\n<\/div>\n\n\n\n<div class=\"wp-block-column is-layout-flow wp-block-column-is-layout-flow\">\n<p class=\"has-text-align-center\"><strong><strong><strong><a href=\"https:\/\/www.manus-art.cz\/?page_id=859\" target=\"_blank\" rel=\"noreferrer noopener\">XPOSURE<\/a><\/strong><\/strong><\/strong><\/p>\n<\/div>\n\n\n\n<div class=\"wp-block-column is-layout-flow wp-block-column-is-layout-flow\">\n<p class=\"has-text-align-center\">Kl\u00e1\u0161terec nad Oh\u0159\u00ed: festival Siraex<\/p>\n<\/div>\n\n\n\n<div class=\"wp-block-column is-layout-flow wp-block-column-is-layout-flow\">\n<p class=\"has-text-align-center\"><strong><a href=\"https:\/\/www.zusklasterec.cz\/siraex\/\" data-type=\"page\" data-id=\"1084\" target=\"_blank\" rel=\"noreferrer noopener\">Vstupenky<\/a><\/strong><\/p>\n<\/div>\n<\/div>\n\n\n\n<div style=\"height:20px\" aria-hidden=\"true\" class=\"wp-block-spacer\"><\/div>\n\n\n\n<div class=\"wp-block-columns alignwide has-color-dark-color has-custom-color-10-background-color has-text-color has-background has-link-color wp-elements-a9ec95b3354d1eec4d517cb35a25a211 is-layout-flex wp-container-core-columns-is-layout-d7d455e7 wp-block-columns-is-layout-flex\" style=\"padding-top:0;padding-right:0;padding-bottom:0;padding-left:0\">\n<div class=\"wp-block-column is-layout-flow wp-block-column-is-layout-flow\" style=\"flex-basis:25%\"><\/div>\n\n\n\n<div class=\"wp-block-column is-layout-flow wp-block-column-is-layout-flow\" style=\"flex-basis:50%\">\n<p class=\"has-text-align-center has-luminous-vivid-orange-color has-text-color has-content-heading-font-size\"><strong>Minul\u00e9 akce<\/strong><\/p>\n<\/div>\n\n\n\n<div class=\"wp-block-column is-layout-flow wp-block-column-is-layout-flow\" style=\"flex-basis:25%\"><\/div>\n<\/div>\n\n\n\n<div style=\"height:20px\" aria-hidden=\"true\" class=\"wp-block-spacer\"><\/div>\n\n\n\n<div class=\"wp-block-columns alignwide has-color-dark-color has-custom-color-8-background-color has-text-color has-background has-link-color wp-elements-84ac040ff09a00302d8b059743aa33b2 is-layout-flex wp-container-core-columns-is-layout-d7d455e7 wp-block-columns-is-layout-flex\" style=\"padding-top:0;padding-right:0;padding-bottom:0;padding-left:0\">\n<div class=\"wp-block-column is-layout-flow wp-block-column-is-layout-flow\">\n<p class=\"has-text-align-center\">2. 11. 2024<\/p>\n<\/div>\n\n\n\n<div class=\"wp-block-column is-layout-flow wp-block-column-is-layout-flow\">\n<p class=\"has-text-align-center\"><strong><strong><a href=\"https:\/\/www.manus-art.cz\/wordpress\/?page_id=287\" target=\"_blank\" rel=\"noreferrer noopener\">M\u00cd\u0158EN\u00cd<\/a><\/strong><\/strong><\/p>\n<\/div>\n\n\n\n<div class=\"wp-block-column is-layout-flow wp-block-column-is-layout-flow\">\n<p class=\"has-text-align-center\">Hotel Thermal, Karlovy Vary<\/p>\n<\/div>\n\n\n\n<div class=\"wp-block-column is-layout-flow wp-block-column-is-layout-flow\">\n<p class=\"has-text-align-center\"><a href=\"https:\/\/goout.net\/cs\/mireni\/szlihlx\/\" data-type=\"link\" data-id=\"https:\/\/divadlobravo.cz\/\" target=\"_blank\" rel=\"noreferrer noopener\"><a href=\"https:\/\/www.manus-art.cz\/?page_id=704\" data-type=\"link\" data-id=\"https:\/\/www.manus-art.cz\/?page_id=704\"><strong>V\u00edce informac\u00ed<\/strong><\/a><\/a><\/p>\n<\/div>\n<\/div>\n\n\n\n<div style=\"height:20px\" aria-hidden=\"true\" class=\"wp-block-spacer\"><\/div>\n\n\n\n<div class=\"wp-block-columns alignwide has-color-dark-color has-custom-color-8-background-color has-text-color has-background has-link-color wp-elements-2f92cbd9ee23f4bc24232cd54474bc27 is-layout-flex wp-container-core-columns-is-layout-d7d455e7 wp-block-columns-is-layout-flex\" style=\"padding-top:0;padding-right:0;padding-bottom:0;padding-left:0\">\n<div class=\"wp-block-column is-layout-flow wp-block-column-is-layout-flow\">\n<p class=\"has-text-align-center\">17. &#8211; 18. 9. 2024<\/p>\n<\/div>\n\n\n\n<div class=\"wp-block-column is-layout-flow wp-block-column-is-layout-flow\">\n<p class=\"has-text-align-center\"><strong><a href=\"https:\/\/www.manus-art.cz\/?page_id=974\" target=\"_blank\" rel=\"noreferrer noopener\">TEPY \u010cAR<\/a><\/strong>: premiera!<\/p>\n<\/div>\n\n\n\n<div class=\"wp-block-column is-layout-flow wp-block-column-is-layout-flow\">\n<p class=\"has-text-align-center\">JATKA78<\/p>\n<\/div>\n\n\n\n<div class=\"wp-block-column is-layout-flow wp-block-column-is-layout-flow\">\n<p class=\"has-text-align-center\"><a href=\"https:\/\/www.jatka78.cz\/cs\/inscenace\/tepy-car\" data-type=\"link\" data-id=\"https:\/\/divadlobravo.cz\/\" target=\"_blank\" rel=\"noreferrer noopener\"><a href=\"https:\/\/www.manus-art.cz\/?page_id=704\" data-type=\"link\" data-id=\"https:\/\/www.manus-art.cz\/?page_id=704\"><strong>V\u00edce informac\u00ed<\/strong><\/a><\/a><\/p>\n<\/div>\n<\/div>\n\n\n\n<div style=\"height:20px\" aria-hidden=\"true\" class=\"wp-block-spacer\"><\/div>\n\n\n\n<div class=\"wp-block-columns alignwide has-color-dark-color has-custom-color-8-background-color has-text-color has-background has-link-color wp-elements-41387a51a739f28e0cfbec8affad92eb is-layout-flex wp-container-core-columns-is-layout-d7d455e7 wp-block-columns-is-layout-flex\" style=\"padding-top:0;padding-right:0;padding-bottom:0;padding-left:0\">\n<div class=\"wp-block-column is-layout-flow wp-block-column-is-layout-flow\">\n<p class=\"has-text-align-center\">28. 7. 2024<\/p>\n<\/div>\n\n\n\n<div class=\"wp-block-column is-layout-flow wp-block-column-is-layout-flow\">\n<p class=\"has-text-align-center\"><strong><a href=\"https:\/\/www.manus-art.cz\/wordpress\/?page_id=266\" target=\"_blank\" rel=\"noreferrer noopener\">KO\u0160ILICE A OK\u0160ILA<\/a><\/strong><\/p>\n<\/div>\n\n\n\n<div class=\"wp-block-column is-layout-flow wp-block-column-is-layout-flow\">\n<p class=\"has-text-align-center\">10DEKA festival, AULA JGN<\/p>\n<\/div>\n\n\n\n<div class=\"wp-block-column is-layout-flow wp-block-column-is-layout-flow\">\n<p class=\"has-text-align-center\"><a href=\"https:\/\/drejg-nachod.github.io\/ddf\/?\" data-type=\"link\" data-id=\"https:\/\/divadlobravo.cz\/\" target=\"_blank\" rel=\"noreferrer noopener\"><a href=\"https:\/\/www.manus-art.cz\/?page_id=704\" data-type=\"link\" data-id=\"https:\/\/www.manus-art.cz\/?page_id=704\"><strong>V\u00edce informac\u00ed<\/strong><\/a><\/a><\/p>\n<\/div>\n<\/div>\n\n\n\n<div style=\"height:20px\" aria-hidden=\"true\" class=\"wp-block-spacer\"><\/div>\n\n\n\n<div class=\"wp-block-columns alignwide has-color-dark-color has-custom-color-8-background-color has-text-color has-background has-link-color wp-elements-59dfd24213c1fd63195788b9d6f1ef0a is-layout-flex wp-container-core-columns-is-layout-d7d455e7 wp-block-columns-is-layout-flex\" style=\"padding-top:0;padding-right:0;padding-bottom:0;padding-left:0\">\n<div class=\"wp-block-column is-layout-flow wp-block-column-is-layout-flow\">\n<p class=\"has-text-align-center\">15. 12. 2023<\/p>\n<\/div>\n\n\n\n<div class=\"wp-block-column is-layout-flow wp-block-column-is-layout-flow\">\n<p class=\"has-text-align-center\"><strong><a href=\"https:\/\/www.manus-art.cz\/?page_id=859\" target=\"_blank\" rel=\"noreferrer noopener\">XPOSURE<\/a>: <\/strong><a href=\"https:\/\/www.manus-art.cz\/?page_id=859\">premiera!<\/a><\/p>\n<\/div>\n\n\n\n<div class=\"wp-block-column is-layout-flow wp-block-column-is-layout-flow\">\n<p class=\"has-text-align-center\">Divadlo BRAVO!<\/p>\n<\/div>\n\n\n\n<div class=\"wp-block-column is-layout-flow wp-block-column-is-layout-flow\">\n<p class=\"has-text-align-center\"><a href=\"https:\/\/goout.net\/cs\/xposure\/ezwyxph\/\" data-type=\"link\" data-id=\"https:\/\/divadlobravo.cz\/\" target=\"_blank\" rel=\"noreferrer noopener\"><a href=\"https:\/\/www.manus-art.cz\/?page_id=704\" data-type=\"link\" data-id=\"https:\/\/www.manus-art.cz\/?page_id=704\"><strong>V\u00edce informac\u00ed<\/strong><\/a><\/a><\/p>\n<\/div>\n<\/div>\n\n\n\n<div style=\"height:20px\" aria-hidden=\"true\" class=\"wp-block-spacer\"><\/div>\n\n\n\n<div class=\"wp-block-columns alignwide has-color-dark-color has-custom-color-8-background-color has-text-color has-background has-link-color wp-elements-5188f4859f45752c08959bd544bc9efe is-layout-flex wp-container-core-columns-is-layout-d7d455e7 wp-block-columns-is-layout-flex\" style=\"padding-top:0;padding-right:0;padding-bottom:0;padding-left:0\">\n<div class=\"wp-block-column is-layout-flow wp-block-column-is-layout-flow\">\n<p class=\"has-text-align-center\">30. 10. &#8211; 10. 11. 2023<\/p>\n<\/div>\n\n\n\n<div class=\"wp-block-column is-layout-flow wp-block-column-is-layout-flow\">\n<p class=\"has-text-align-center\"><strong>Physical body: eXposure<\/strong> (workshop)<\/p>\n<\/div>\n\n\n\n<div class=\"wp-block-column is-layout-flow wp-block-column-is-layout-flow\">\n<p class=\"has-text-align-center\">Contemporary studio Nam. Miru<\/p>\n<\/div>\n\n\n\n<div class=\"wp-block-column is-layout-flow wp-block-column-is-layout-flow\">\n<p class=\"has-text-align-center\"><a href=\"https:\/\/www.manus-art.cz\/?page_id=704\" data-type=\"link\" data-id=\"https:\/\/www.manus-art.cz\/?page_id=704\"><strong>V\u00edce informac\u00ed<\/strong><\/a><\/p>\n<\/div>\n<\/div>\n\n\n\n<div style=\"height:20px\" aria-hidden=\"true\" class=\"wp-block-spacer\"><\/div>\n\n\n\n<div class=\"wp-block-columns alignwide has-color-dark-color has-custom-color-8-background-color has-text-color has-background has-link-color wp-elements-7e283e5d2984464c8e2ab9c346142044 is-layout-flex wp-container-core-columns-is-layout-d7d455e7 wp-block-columns-is-layout-flex\" style=\"padding-top:0;padding-right:0;padding-bottom:0;padding-left:0\">\n<div class=\"wp-block-column is-layout-flow wp-block-column-is-layout-flow\">\n<p class=\"has-text-align-center\">24. 11. 2023<\/p>\n<\/div>\n\n\n\n<div class=\"wp-block-column is-layout-flow wp-block-column-is-layout-flow\">\n<p class=\"has-text-align-center\"><strong><a href=\"https:\/\/www.manus-art.cz\/wordpress\/?page_id=287\" target=\"_blank\" rel=\"noreferrer noopener\">M\u00cd\u0158EN\u00cd<\/a><\/strong><\/p>\n<\/div>\n\n\n\n<div class=\"wp-block-column is-layout-flow wp-block-column-is-layout-flow\">\n<p class=\"has-text-align-center\">Jihlava, divadlo DIOD<\/p>\n<\/div>\n\n\n\n<div class=\"wp-block-column is-layout-flow wp-block-column-is-layout-flow\">\n<p class=\"has-text-align-center\"><a href=\"https:\/\/diod.cz\/mireni\/\" data-type=\"link\" data-id=\"https:\/\/www.manus-art.cz\/wordpress\/?page_id=287\" target=\"_blank\" rel=\"noreferrer noopener\"><strong>V\u00edce informac\u00ed<\/strong><\/a><\/p>\n<\/div>\n<\/div>\n\n\n\n<div style=\"height:20px\" aria-hidden=\"true\" class=\"wp-block-spacer\"><\/div>\n\n\n\n<div class=\"wp-block-columns alignwide has-color-dark-color has-custom-color-8-background-color has-text-color has-background has-link-color wp-elements-f2145a6e92b60bae645a0213cc6d2f15 is-layout-flex wp-container-core-columns-is-layout-d7d455e7 wp-block-columns-is-layout-flex\" style=\"padding-top:0;padding-right:0;padding-bottom:0;padding-left:0\">\n<div class=\"wp-block-column is-layout-flow wp-block-column-is-layout-flow\">\n<p class=\"has-text-align-center\">19. 7. 2023<\/p>\n<\/div>\n\n\n\n<div class=\"wp-block-column is-layout-flow wp-block-column-is-layout-flow\">\n<p class=\"has-text-align-center\"><strong><a href=\"https:\/\/www.manus-art.cz\/wordpress\/?page_id=281\" target=\"_blank\" rel=\"noreferrer noopener\"><strong>THE END OF BLAHO<\/strong>?<\/a><\/strong><\/p>\n<\/div>\n\n\n\n<div class=\"wp-block-column is-layout-flow wp-block-column-is-layout-flow\">\n<p class=\"has-text-align-center\">P\u0159\u00edstav 18600, Karl\u00edn<\/p>\n<\/div>\n\n\n\n<div class=\"wp-block-column is-layout-flow wp-block-column-is-layout-flow\">\n<p class=\"has-text-align-center\"><a href=\"https:\/\/www.facebook.com\/events\/215605544716212\" target=\"_blank\" rel=\"noreferrer noopener\"><strong>V\u00edce informac\u00ed<\/strong><\/a><\/p>\n<\/div>\n<\/div>\n\n\n\n<div style=\"height:20px\" aria-hidden=\"true\" class=\"wp-block-spacer\"><\/div>\n\n\n\n<p><\/p>\n","protected":false},"excerpt":{"rendered":"<p>\ud83d\udd25HOT\ud83d\udd25 30. 3. 2025 TEPY \u010cAR JATKA78 Vstupenky 31. 3. 2025 TEPY \u010cAR JATKA78 Vstupenky 13. 4. 2025 TEPY \u010cAR JATKA78 Vstupenky 14. 4. 2025 TEPY \u010cAR JATKA78 Vstupenky 20. 6. 2025 XPOSURE Kl\u00e1\u0161terec nad Oh\u0159\u00ed: festival Siraex Vstupenky Minul\u00e9 akce 2. 11. 2024 M\u00cd\u0158EN\u00cd Hotel Thermal, Karlovy Vary V\u00edce informac\u00ed 17. &#8211; 18. 9. [&hellip;]<\/p>\n","protected":false},"author":1,"featured_media":0,"parent":0,"menu_order":0,"comment_status":"closed","ping_status":"closed","template":"","meta":{"_eb_attr":"","footnotes":""},"class_list":["post-369","page","type-page","status-publish","hentry"],"_links":{"self":[{"href":"https:\/\/www.manus-art.cz\/index.php?rest_route=\/wp\/v2\/pages\/369","targetHints":{"allow":["GET"]}}],"collection":[{"href":"https:\/\/www.manus-art.cz\/index.php?rest_route=\/wp\/v2\/pages"}],"about":[{"href":"https:\/\/www.manus-art.cz\/index.php?rest_route=\/wp\/v2\/types\/page"}],"author":[{"embeddable":true,"href":"https:\/\/www.manus-art.cz\/index.php?rest_route=\/wp\/v2\/users\/1"}],"replies":[{"embeddable":true,"href":"https:\/\/www.manus-art.cz\/index.php?rest_route=%2Fwp%2Fv2%2Fcomments&post=369"}],"version-history":[{"count":48,"href":"https:\/\/www.manus-art.cz\/index.php?rest_route=\/wp\/v2\/pages\/369\/revisions"}],"predecessor-version":[{"id":1099,"href":"https:\/\/www.manus-art.cz\/index.php?rest_route=\/wp\/v2\/pages\/369\/revisions\/1099"}],"wp:attachment":[{"href":"https:\/\/www.manus-art.cz\/index.php?rest_route=%2Fwp%2Fv2%2Fmedia&parent=369"}],"curies":[{"name":"wp","href":"https:\/\/api.w.org\/{rel}","templated":true}]}}