{"id":471,"date":"2023-07-02T13:01:31","date_gmt":"2023-07-02T11:01:31","guid":{"rendered":"https:\/\/www.manus-art.cz\/wordpress\/?page_id=471"},"modified":"2025-02-09T16:58:47","modified_gmt":"2025-02-09T14:58:47","slug":"kontakt","status":"publish","type":"page","link":"https:\/\/www.manus-art.cz\/?page_id=471","title":{"rendered":"KONTAKT"},"content":{"rendered":"\n<div class=\"wp-block-columns alignfull has-background is-layout-flex wp-container-core-columns-is-layout-28f84493 wp-block-columns-is-layout-flex\" style=\"background-color:#2541b000\">\n<div class=\"wp-block-column is-layout-flow wp-block-column-is-layout-flow\" style=\"flex-basis:25%\"><\/div>\n\n\n\n<div class=\"wp-block-column is-layout-flow wp-block-column-is-layout-flow\" style=\"flex-basis:50%\">\n<div class=\"wp-block-columns is-layout-flex wp-container-core-columns-is-layout-28f84493 wp-block-columns-is-layout-flex\">\n<div class=\"wp-block-column is-layout-flow wp-block-column-is-layout-flow\" style=\"flex-basis:33.33%\">\n<figure class=\"wp-block-image size-large\"><img loading=\"lazy\" decoding=\"async\" width=\"557\" height=\"1024\" src=\"https:\/\/www.manus-art.cz\/wordpress\/wp-content\/uploads\/2023\/07\/Untitled-1D-2-557x1024.png\" alt=\"\" class=\"wp-image-527\" srcset=\"https:\/\/www.manus-art.cz\/wp-content\/uploads\/2023\/07\/Untitled-1D-2-557x1024.png 557w, https:\/\/www.manus-art.cz\/wp-content\/uploads\/2023\/07\/Untitled-1D-2-163x300.png 163w, https:\/\/www.manus-art.cz\/wp-content\/uploads\/2023\/07\/Untitled-1D-2-768x1412.png 768w, https:\/\/www.manus-art.cz\/wp-content\/uploads\/2023\/07\/Untitled-1D-2-836x1536.png 836w, https:\/\/www.manus-art.cz\/wp-content\/uploads\/2023\/07\/Untitled-1D-2-1114x2048.png 1114w\" sizes=\"auto, (max-width: 557px) 100vw, 557px\" \/><\/figure>\n\n\n\n<div style=\"height:40px\" aria-hidden=\"true\" class=\"wp-block-spacer\"><\/div>\n<\/div>\n\n\n\n<div class=\"wp-block-column is-layout-flow wp-block-column-is-layout-flow\" style=\"flex-basis:66.66%\">\n<div class=\"wp-block-buttons is-layout-flex wp-block-buttons-is-layout-flex\">\n<div class=\"wp-block-button is-style-fill\"><a class=\"wp-block-button__link has-luminous-vivid-orange-background-color has-background wp-element-button\" href=\"https:\/\/www.manus-art.cz\/\" style=\"border-style:none;border-width:0px;border-radius:10px\" target=\"_blank\" rel=\"noreferrer noopener\">PODPO\u0158 N\u00c1S<\/a><\/div>\n<\/div>\n\n\n\n<div style=\"height:70px\" aria-hidden=\"true\" class=\"wp-block-spacer\"><\/div>\n\n\n\n<p class=\"has-background-color has-text-color has-link-color wp-elements-204460fcc849906854b1b1f8d4d6238e\">Webdesign: <strong><a href=\"https:\/\/www.instagram.com\/red.solstice\/\" target=\"_blank\" rel=\"noreferrer noopener\">Ekaterina Fonina<\/a><\/strong><\/p>\n\n\n\n<p class=\"has-background-color has-text-color has-link-color wp-elements-92f9f3303e90f8f6d6fa412be6e0b951\"><br><br>Email: <strong>manus.collective@gmail.com<\/strong><\/p>\n\n\n\n<p class=\"has-background-color has-text-color has-link-color wp-elements-cae1cb23b898c28c01f7c1fad02731f7\"><strong>MANUS Art Collective z.s.<\/strong> \/ Svahov\u00e1 1015\/16 Karlovy Vary 36001<br><br>I\u010c: 09439218<br>\u010c\u00edslo \u00fa\u010dtu: 1375476018\/2700<br>Datov\u00e1 schr\u00e1nka: 66cpkd9<br><br>Email: <strong>manus.collective@gmail.com<\/strong><\/p>\n\n\n\n<p class=\"has-background-color has-text-color has-link-color wp-elements-2bcd6526ff5057b987755ab52dfb8f0b\"><br><strong>\u0160t\u011bp\u00e1na Nlasa Mfuta<\/strong><br>Um\u011bleck\u00e1 \u0159editelka<br>+420 608 031 650<br>stepanamancova@gmail.com<\/p>\n<\/div>\n<\/div>\n<\/div>\n\n\n\n<div class=\"wp-block-column is-layout-flow wp-block-column-is-layout-flow\" style=\"flex-basis:25%\"><\/div>\n<\/div>\n","protected":false},"excerpt":{"rendered":"<p>Webdesign: Ekaterina Fonina Email: manus.collective@gmail.com MANUS Art Collective z.s. \/ Svahov\u00e1 1015\/16 Karlovy Vary 36001 I\u010c: 09439218\u010c\u00edslo \u00fa\u010dtu: 1375476018\/2700Datov\u00e1 schr\u00e1nka: 66cpkd9 Email: manus.collective@gmail.com \u0160t\u011bp\u00e1na Nlasa MfutaUm\u011bleck\u00e1 \u0159editelka+420 608 031 650stepanamancova@gmail.com<\/p>\n","protected":false},"author":1,"featured_media":0,"parent":0,"menu_order":0,"comment_status":"closed","ping_status":"closed","template":"","meta":{"_eb_attr":"","footnotes":""},"class_list":["post-471","page","type-page","status-publish","hentry"],"_links":{"self":[{"href":"https:\/\/www.manus-art.cz\/index.php?rest_route=\/wp\/v2\/pages\/471","targetHints":{"allow":["GET"]}}],"collection":[{"href":"https:\/\/www.manus-art.cz\/index.php?rest_route=\/wp\/v2\/pages"}],"about":[{"href":"https:\/\/www.manus-art.cz\/index.php?rest_route=\/wp\/v2\/types\/page"}],"author":[{"embeddable":true,"href":"https:\/\/www.manus-art.cz\/index.php?rest_route=\/wp\/v2\/users\/1"}],"replies":[{"embeddable":true,"href":"https:\/\/www.manus-art.cz\/index.php?rest_route=%2Fwp%2Fv2%2Fcomments&post=471"}],"version-history":[{"count":20,"href":"https:\/\/www.manus-art.cz\/index.php?rest_route=\/wp\/v2\/pages\/471\/revisions"}],"predecessor-version":[{"id":1095,"href":"https:\/\/www.manus-art.cz\/index.php?rest_route=\/wp\/v2\/pages\/471\/revisions\/1095"}],"wp:attachment":[{"href":"https:\/\/www.manus-art.cz\/index.php?rest_route=%2Fwp%2Fv2%2Fmedia&parent=471"}],"curies":[{"name":"wp","href":"https:\/\/api.w.org\/{rel}","templated":true}]}}