{"id":859,"date":"2023-12-03T17:32:25","date_gmt":"2023-12-03T15:32:25","guid":{"rendered":"https:\/\/www.manus-art.cz\/?page_id=859"},"modified":"2024-01-28T18:57:25","modified_gmt":"2024-01-28T16:57:25","slug":"xposure","status":"publish","type":"page","link":"https:\/\/www.manus-art.cz\/?page_id=859","title":{"rendered":"XPOSURE"},"content":{"rendered":"\n<div class=\"wp-block-columns alignfull is-style-have-gap-0 has-custom-color-8-background-color has-background is-layout-flex wp-container-core-columns-is-layout-28f84493 wp-block-columns-is-layout-flex\">\n<div class=\"wp-block-column is-layout-flow wp-block-column-is-layout-flow\" style=\"flex-basis:25%\"><\/div>\n\n\n\n<div class=\"wp-block-column is-layout-flow wp-block-column-is-layout-flow\" style=\"flex-basis:50%\">\n<div class=\"wp-block-columns is-layout-flex wp-container-core-columns-is-layout-28f84493 wp-block-columns-is-layout-flex\">\n<div class=\"wp-block-column is-layout-flow wp-block-column-is-layout-flow\" style=\"flex-basis:33.33%\"><\/div>\n\n\n\n<div class=\"wp-block-column has-custom-color-10-background-color has-background is-layout-flow wp-block-column-is-layout-flow\" style=\"flex-basis:66.66%\">\n<p class=\"has-text-align-left has-text-color\" style=\"color:#6c5558;font-size:44px\">XPOSURE<\/p>\n<\/div>\n<\/div>\n<\/div>\n\n\n\n<div class=\"wp-block-column is-layout-flow wp-block-column-is-layout-flow\" style=\"flex-basis:25%\"><\/div>\n<\/div>\n\n\n\n<div class=\"wp-block-columns alignfull is-style-have-gap-0 has-custom-color-8-background-color has-background is-layout-flex wp-container-core-columns-is-layout-28f84493 wp-block-columns-is-layout-flex\">\n<div class=\"wp-block-column is-layout-flow wp-block-column-is-layout-flow\" style=\"flex-basis:25%\"><\/div>\n\n\n\n<div class=\"wp-block-column is-layout-flow wp-block-column-is-layout-flow\" style=\"flex-basis:50%\">\n<div class=\"wp-block-columns is-layout-flex wp-container-core-columns-is-layout-28f84493 wp-block-columns-is-layout-flex\">\n<div class=\"wp-block-column is-layout-flow wp-block-column-is-layout-flow\" style=\"flex-basis:33.33%\"><\/div>\n\n\n\n<div class=\"wp-block-column is-layout-flow wp-block-column-is-layout-flow\" style=\"flex-basis:66.66%\">\n<p class=\"has-color-dark-color has-text-color has-link-color wp-elements-10a64c66447c0ae84e1f6bf182250f5a\"><em>Premi\u00e9ra 15.12. 2023, Divadlo BRAVO, Praha<\/em><\/p>\n\n\n\n<p class=\"has-background-color has-text-color has-link-color wp-elements-b6f15d1e3a8465973a115985e4de248e\"><em>D\u00e9lka p\u0159edstaven\u00ed: 50 min<\/em><\/p>\n\n\n\n<div style=\"height:20px\" aria-hidden=\"true\" class=\"wp-block-spacer\"><\/div>\n\n\n\n<p><\/p>\n\n\n\n<p><\/p>\n\n\n\n<p class=\"has-background-color has-text-color has-link-color has-upper-heading-font-size wp-elements-c94a9240ae88ad146e069f2c3af08a70\">Xposure je abstraktn\u00ed a vizu\u00e1ln\u00ed p\u0159edstaven\u00ed zalo\u017een\u00e9 na specifick\u00e9m pohybov\u00e9m materi\u00e1lu, kter\u00fd reprezentuje vnit\u0159n\u00ed emocion\u00e1ln\u00ed konflikt skrz vyj\u00e1d\u0159en\u00ed t\u011bla. Jak se projevuje vnit\u0159n\u00ed boj<br>na ment\u00e1ln\u00ed, emocion\u00e1ln\u00ed a fyzick\u00e9 \u00farovni?<br>Spole\u010dnost ve kter\u00e9 \u017eijeme n\u00e1s u\u010d\u00ed skr\u00fdvat sv\u00e9 vnit\u0159n\u00ed d\u00e9mony, z\u016fstanou hluboko v podv\u011bdom\u00ed, kde je mnohokr\u00e1t ani nejsme schopni rozeznat. Jako mal\u00fd hlasek v hlav\u011b kter\u00fd jsme schopni uti\u0161it a\u017e do t\u00e9 doby ne\u017e se ocitneme p\u0159ed extr\u00e9mn\u00ed situaci. Skrze t\u011blo jsme schopni otev\u0159\u00edt pr\u016fchod k nejnitern\u011bj\u0161\u00edm pocit\u016fm a m\u016f\u017eeme b\u00fdt sami p\u0159ekvapeni co v\u0161e se skr\u00fdv\u00e1 uvnit\u0159. Toto p\u0159edstaven\u00ed otev\u00edr\u00e1 dve\u0159e p\u0159edstavivosti a dovoluje publiku napojit se na to co se d\u011bje na sc\u00e9n\u011b a mo\u017en\u00e1 i co maj\u00ed ukryt\u00e9 v sob\u011b. P\u0159edstaven\u00ed pracuje tak\u00e9 s absurditou a protiklady. C\u00edlem p\u0159edstaven\u00ed je nechat se un\u00e9st na vln\u011b t\u00e9to abstraktn\u00ed tane\u010dn\u00ed a expresivn\u00ed linky.<\/p>\n\n\n\n<p class=\"has-background-color has-text-color has-link-color has-upper-heading-font-size wp-elements-2b3365a86fbce9261d559d91480c78ef\"><\/p>\n<\/div>\n<\/div>\n<\/div>\n\n\n\n<div class=\"wp-block-column is-layout-flow wp-block-column-is-layout-flow\" style=\"flex-basis:25%\"><\/div>\n<\/div>\n\n\n\n<div style=\"height:20px\" aria-hidden=\"true\" class=\"wp-block-spacer\"><\/div>\n\n\n\n<div style=\"height:38px\" aria-hidden=\"true\" class=\"wp-block-spacer\"><\/div>\n\n\n\n<div class=\"wp-block-columns alignfull is-style-have-gap-0 is-layout-flex wp-container-core-columns-is-layout-28f84493 wp-block-columns-is-layout-flex\">\n<div class=\"wp-block-column is-layout-flow wp-block-column-is-layout-flow\" style=\"flex-basis:25%\"><\/div>\n\n\n\n<div class=\"wp-block-column is-layout-flow wp-block-column-is-layout-flow\" style=\"flex-basis:50%\">\n<div class=\"wp-block-columns is-layout-flex wp-container-core-columns-is-layout-28f84493 wp-block-columns-is-layout-flex\">\n<div class=\"wp-block-column is-layout-flow wp-block-column-is-layout-flow\">\n<figure class=\"wp-block-embed is-type-video is-provider-youtube wp-block-embed-youtube wp-embed-aspect-16-9 wp-has-aspect-ratio\"><div class=\"wp-block-embed__wrapper\">\n<iframe loading=\"lazy\" title=\"XPOSURE (OFFICIAL TRAILER)\" width=\"500\" height=\"281\" src=\"https:\/\/www.youtube.com\/embed\/-Bc-bnUqBeY?feature=oembed\" frameborder=\"0\" allow=\"accelerometer; autoplay; clipboard-write; encrypted-media; gyroscope; picture-in-picture; web-share\" referrerpolicy=\"strict-origin-when-cross-origin\" allowfullscreen><\/iframe>\n<\/div><\/figure>\n<\/div>\n<\/div>\n<\/div>\n\n\n\n<div class=\"wp-block-column is-layout-flow wp-block-column-is-layout-flow\" style=\"flex-basis:25%\"><\/div>\n<\/div>\n\n\n\n<div style=\"height:20px\" aria-hidden=\"true\" class=\"wp-block-spacer\"><\/div>\n\n\n\n<div class=\"wp-block-columns alignfull is-style-have-gap-0 has-background is-layout-flex wp-container-core-columns-is-layout-28f84493 wp-block-columns-is-layout-flex\" style=\"background-color:#6c5558\">\n<div class=\"wp-block-column is-layout-flow wp-block-column-is-layout-flow\" style=\"flex-basis:25%\"><\/div>\n\n\n\n<div class=\"wp-block-column is-layout-flow wp-block-column-is-layout-flow\" style=\"flex-basis:50%\">\n<div class=\"wp-block-columns is-layout-flex wp-container-core-columns-is-layout-28f84493 wp-block-columns-is-layout-flex\">\n<div class=\"wp-block-column is-layout-flow wp-block-column-is-layout-flow\" style=\"flex-basis:33.33%\"><\/div>\n\n\n\n<div class=\"wp-block-column is-layout-flow wp-block-column-is-layout-flow\" style=\"flex-basis:66.66%\">\n<p class=\"has-upper-heading-font-size\"><strong>Choreografie, koncept:<\/strong> Kl\u00e1ra E\u0161nerov\u00e1 (CZ)<\/p>\n\n\n\n<p class=\"has-upper-heading-font-size\"><strong>Choreografick\u00e1 spol.:<\/strong> Meike Stevens (NL)<\/p>\n\n\n\n<p class=\"has-upper-heading-font-size\"><strong>Dramaturgick\u00e1 spol.:<\/strong> Julia Godino Llorens (ES)<\/p>\n\n\n\n<p class=\"has-upper-heading-font-size\"><strong>Produkce:<\/strong> MANUS Art Colletctive z.s.<\/p>\n\n\n\n<p class=\"has-upper-heading-font-size\"><strong>Interpretace:<\/strong> Ag\u00e1ta Jaro\u0161ov\u00e1 (ES\/CZ), Barbora Pt\u00e1\u010dkov\u00e1 (CZ),  Edita Antalov\u00e1 (SK), Eva Mora (ES), \u0160t\u011bp\u00e1na Nlasa Mfuta (CZ)<\/p>\n\n\n\n<p class=\"has-upper-heading-font-size\">Sv\u011bteln\u00fd design: Judita Mejst\u0159\u00edkov\u00e1 (CZ)<\/p>\n\n\n\n<p class=\"has-upper-heading-font-size\"><strong>Hudba: <\/strong>Bulat Yanyshev (UZB), Alexander Filimonov (UZB)<br><strong>Kost\u00fdm:<\/strong> Polina Akhmetzhanova<\/p>\n\n\n\n<p class=\"has-upper-heading-font-size\"><strong>Koprodukce:<\/strong> Divadlo BRAVO, tep39, Jatka 78, \u0160vestkov\u00fd dv\u016fr, Malovice, EPO1, tYhle<br><strong>Za podpory: <\/strong>MK\u010cR, SFK, Praha 7<\/p>\n<\/div>\n<\/div>\n<\/div>\n\n\n\n<div class=\"wp-block-column is-layout-flow wp-block-column-is-layout-flow\" style=\"flex-basis:25%\"><\/div>\n<\/div>\n\n\n\n<div style=\"height:20px\" aria-hidden=\"true\" class=\"wp-block-spacer\"><\/div>\n\n\n\n<div class=\"wp-block-columns alignfull is-style-have-gap-0 is-layout-flex wp-container-core-columns-is-layout-28f84493 wp-block-columns-is-layout-flex\">\n<div class=\"wp-block-column is-layout-flow wp-block-column-is-layout-flow\" style=\"flex-basis:25%\"><\/div>\n\n\n\n<div class=\"wp-block-column is-layout-flow wp-block-column-is-layout-flow\" style=\"flex-basis:50%\">\n<div class=\"wp-block-columns is-layout-flex wp-container-core-columns-is-layout-28f84493 wp-block-columns-is-layout-flex\">\n<div class=\"wp-block-column is-layout-flow wp-block-column-is-layout-flow\">\n<div class=\"wp-block-columns is-style-have-gap-0 is-layout-flex wp-container-core-columns-is-layout-28f84493 wp-block-columns-is-layout-flex\">\n<div class=\"wp-block-column is-layout-flow wp-block-column-is-layout-flow\">\n<div class=\"wp-block-image-gallery-block-image-gallery-block\"><div class=\"eb-parent-wrapper eb-parent-eb-image-gallery-zvmvv29 \"><div class=\"eb-gallery-img-wrapper eb-image-gallery-zvmvv29 grid overlay-bottom caption-style-0  \" data-id=\"eb-image-gallery-zvmvv29\"><a href=\"https:\/\/www.manus-art.cz\/wp-content\/uploads\/2023\/12\/red.solstice_020-1-scaled.jpg\" id=\"eb-gallery-img-content\" data-fslightbox=\"gallery\" data-type=\"image\" class=\"eb-gallery-img-content eb-filter-img-\"><span class=\"eb-gallery-link-wrapper\"><img decoding=\"async\" class=\"eb-gallery-img\" src=\"https:\/\/www.manus-art.cz\/wp-content\/uploads\/2023\/12\/red.solstice_020-1-scaled.jpg\" image-index=\"0\" alt=\"\"\/><\/span><\/a><a href=\"https:\/\/www.manus-art.cz\/wp-content\/uploads\/2023\/12\/red.solstice_023-1-scaled.jpg\" id=\"eb-gallery-img-content\" data-fslightbox=\"gallery\" data-type=\"image\" class=\"eb-gallery-img-content eb-filter-img-\"><span class=\"eb-gallery-link-wrapper\"><img decoding=\"async\" class=\"eb-gallery-img\" src=\"https:\/\/www.manus-art.cz\/wp-content\/uploads\/2023\/12\/red.solstice_023-1-scaled.jpg\" image-index=\"1\" alt=\"\"\/><\/span><\/a><a href=\"https:\/\/www.manus-art.cz\/wp-content\/uploads\/2023\/12\/red.solstice_049-scaled.jpg\" id=\"eb-gallery-img-content\" data-fslightbox=\"gallery\" data-type=\"image\" class=\"eb-gallery-img-content eb-filter-img-\"><span class=\"eb-gallery-link-wrapper\"><img decoding=\"async\" class=\"eb-gallery-img\" src=\"https:\/\/www.manus-art.cz\/wp-content\/uploads\/2023\/12\/red.solstice_049-scaled.jpg\" image-index=\"2\" alt=\"\"\/><\/span><\/a><a href=\"https:\/\/www.manus-art.cz\/wp-content\/uploads\/2024\/01\/red.solstice_020-scaled.jpg\" id=\"eb-gallery-img-content\" data-fslightbox=\"gallery\" data-type=\"image\" class=\"eb-gallery-img-content eb-filter-img-\"><span class=\"eb-gallery-link-wrapper\"><img decoding=\"async\" class=\"eb-gallery-img\" src=\"https:\/\/www.manus-art.cz\/wp-content\/uploads\/2024\/01\/red.solstice_020-scaled.jpg\" image-index=\"3\" alt=\"\"\/><\/span><\/a><a href=\"https:\/\/www.manus-art.cz\/wp-content\/uploads\/2024\/01\/red.solstice_073-scaled.jpg\" id=\"eb-gallery-img-content\" data-fslightbox=\"gallery\" data-type=\"image\" class=\"eb-gallery-img-content eb-filter-img-\"><span class=\"eb-gallery-link-wrapper\"><img decoding=\"async\" class=\"eb-gallery-img\" src=\"https:\/\/www.manus-art.cz\/wp-content\/uploads\/2024\/01\/red.solstice_073-scaled.jpg\" image-index=\"4\" alt=\"\"\/><\/span><\/a><a href=\"https:\/\/www.manus-art.cz\/wp-content\/uploads\/2024\/01\/red.solstice_416-scaled.jpg\" id=\"eb-gallery-img-content\" data-fslightbox=\"gallery\" data-type=\"image\" class=\"eb-gallery-img-content eb-filter-img-\"><span class=\"eb-gallery-link-wrapper\"><img decoding=\"async\" class=\"eb-gallery-img\" src=\"https:\/\/www.manus-art.cz\/wp-content\/uploads\/2024\/01\/red.solstice_416-scaled.jpg\" image-index=\"5\" alt=\"\"\/><\/span><\/a><a href=\"https:\/\/www.manus-art.cz\/wp-content\/uploads\/2024\/01\/red.solstice_184-scaled.jpg\" id=\"eb-gallery-img-content\" data-fslightbox=\"gallery\" data-type=\"image\" class=\"eb-gallery-img-content eb-filter-img-\"><span class=\"eb-gallery-link-wrapper\"><img decoding=\"async\" class=\"eb-gallery-img\" src=\"https:\/\/www.manus-art.cz\/wp-content\/uploads\/2024\/01\/red.solstice_184-scaled.jpg\" image-index=\"6\" alt=\"\"\/><\/span><\/a><a href=\"https:\/\/www.manus-art.cz\/wp-content\/uploads\/2024\/01\/red.solstice_434-scaled.jpg\" id=\"eb-gallery-img-content\" data-fslightbox=\"gallery\" data-type=\"image\" class=\"eb-gallery-img-content eb-filter-img-\"><span class=\"eb-gallery-link-wrapper\"><img decoding=\"async\" class=\"eb-gallery-img\" src=\"https:\/\/www.manus-art.cz\/wp-content\/uploads\/2024\/01\/red.solstice_434-scaled.jpg\" image-index=\"7\" alt=\"\"\/><\/span><\/a><a href=\"https:\/\/www.manus-art.cz\/wp-content\/uploads\/2024\/01\/red.solstice_337-scaled.jpg\" id=\"eb-gallery-img-content\" data-fslightbox=\"gallery\" data-type=\"image\" class=\"eb-gallery-img-content eb-filter-img-\"><span class=\"eb-gallery-link-wrapper\"><img decoding=\"async\" class=\"eb-gallery-img\" src=\"https:\/\/www.manus-art.cz\/wp-content\/uploads\/2024\/01\/red.solstice_337-scaled.jpg\" image-index=\"8\" alt=\"\"\/><\/span><\/a><a href=\"https:\/\/www.manus-art.cz\/wp-content\/uploads\/2024\/01\/red.solstice_393-scaled.jpg\" id=\"eb-gallery-img-content\" data-fslightbox=\"gallery\" data-type=\"image\" class=\"eb-gallery-img-content eb-filter-img-\"><span class=\"eb-gallery-link-wrapper\"><img decoding=\"async\" class=\"eb-gallery-img\" src=\"https:\/\/www.manus-art.cz\/wp-content\/uploads\/2024\/01\/red.solstice_393-scaled.jpg\" image-index=\"9\" alt=\"\"\/><\/span><\/a><a href=\"https:\/\/www.manus-art.cz\/wp-content\/uploads\/2024\/01\/red.solstice_010-scaled.jpg\" id=\"eb-gallery-img-content\" data-fslightbox=\"gallery\" data-type=\"image\" class=\"eb-gallery-img-content eb-filter-img-\"><span class=\"eb-gallery-link-wrapper\"><img decoding=\"async\" class=\"eb-gallery-img\" src=\"https:\/\/www.manus-art.cz\/wp-content\/uploads\/2024\/01\/red.solstice_010-scaled.jpg\" image-index=\"10\" alt=\"\"\/><\/span><\/a><a href=\"https:\/\/www.manus-art.cz\/wp-content\/uploads\/2024\/01\/red.solstice_264-scaled.jpg\" id=\"eb-gallery-img-content\" data-fslightbox=\"gallery\" data-type=\"image\" class=\"eb-gallery-img-content eb-filter-img-\"><span class=\"eb-gallery-link-wrapper\"><img decoding=\"async\" class=\"eb-gallery-img\" src=\"https:\/\/www.manus-art.cz\/wp-content\/uploads\/2024\/01\/red.solstice_264-scaled.jpg\" image-index=\"11\" alt=\"\"\/><\/span><\/a><\/div><\/div><\/div>\n<\/div>\n<\/div>\n<\/div>\n<\/div>\n<\/div>\n\n\n\n<div class=\"wp-block-column is-layout-flow wp-block-column-is-layout-flow\" style=\"flex-basis:25%\"><\/div>\n<\/div>\n\n\n\n<div class=\"wp-block-columns alignfull is-style-have-gap-0 is-layout-flex wp-container-core-columns-is-layout-28f84493 wp-block-columns-is-layout-flex\">\n<div class=\"wp-block-column is-layout-flow wp-block-column-is-layout-flow\" style=\"flex-basis:25%\"><\/div>\n\n\n\n<div class=\"wp-block-column is-layout-flow wp-block-column-is-layout-flow\" style=\"flex-basis:50%\">\n<div class=\"wp-block-columns is-layout-flex wp-container-core-columns-is-layout-28f84493 wp-block-columns-is-layout-flex\">\n<div class=\"wp-block-column is-layout-flow wp-block-column-is-layout-flow\">\n<div class=\"wp-block-columns is-style-have-gap-0 is-layout-flex wp-container-core-columns-is-layout-28f84493 wp-block-columns-is-layout-flex\">\n<div class=\"wp-block-column is-layout-flow wp-block-column-is-layout-flow\" style=\"flex-basis:33.33%\"><\/div>\n\n\n\n<div class=\"wp-block-column is-layout-flow wp-block-column-is-layout-flow\" style=\"flex-basis:66.66%\">\n<p class=\"has-background-color has-text-color has-link-color has-medium-font-size wp-elements-70931ac4077b3f84c2f9bee91fbeb6c6\">Foto: <strong><a href=\"https:\/\/www.instagram.com\/red.solstice\/\" data-type=\"link\" data-id=\"https:\/\/www.instagram.com\/red.solstice\/\" target=\"_blank\" rel=\"noreferrer noopener\">Ekaterina Fonina<\/a><\/strong><\/p>\n<\/div>\n<\/div>\n<\/div>\n<\/div>\n<\/div>\n\n\n\n<div class=\"wp-block-column is-layout-flow wp-block-column-is-layout-flow\" style=\"flex-basis:25%\"><\/div>\n<\/div>\n\n\n\n<div class=\"wp-block-columns alignfull is-style-have-gap-0 is-layout-flex wp-container-core-columns-is-layout-28f84493 wp-block-columns-is-layout-flex\">\n<div class=\"wp-block-column is-layout-flow wp-block-column-is-layout-flow\" style=\"flex-basis:25%\"><\/div>\n\n\n\n<div class=\"wp-block-column is-layout-flow wp-block-column-is-layout-flow\" style=\"flex-basis:50%\">\n<div class=\"wp-block-columns is-layout-flex wp-container-core-columns-is-layout-28f84493 wp-block-columns-is-layout-flex\">\n<div class=\"wp-block-column is-layout-flow wp-block-column-is-layout-flow\">\n<div class=\"wp-block-columns is-style-have-gap-0 is-layout-flex wp-container-core-columns-is-layout-28f84493 wp-block-columns-is-layout-flex\">\n<div class=\"wp-block-column is-layout-flow wp-block-column-is-layout-flow\" style=\"flex-basis:33.33%\"><\/div>\n\n\n\n<div class=\"wp-block-column is-layout-flow wp-block-column-is-layout-flow\" style=\"flex-basis:66.66%\">\n<p class=\"has-background-color has-text-color has-link-color has-medium-font-size wp-elements-d5f2ad60d2f26e56c21e6ee55be5fcbf\"><\/p>\n<\/div>\n<\/div>\n<\/div>\n<\/div>\n<\/div>\n\n\n\n<div class=\"wp-block-column is-layout-flow wp-block-column-is-layout-flow\" style=\"flex-basis:25%\"><\/div>\n<\/div>\n\n\n\n<div style=\"height:20px\" aria-hidden=\"true\" class=\"wp-block-spacer\"><\/div>\n\n\n\n<div style=\"height:20px\" aria-hidden=\"true\" class=\"wp-block-spacer\"><\/div>\n\n\n\n<div class=\"wp-block-columns alignfull is-style-have-gap-0 is-layout-flex wp-container-core-columns-is-layout-28f84493 wp-block-columns-is-layout-flex\">\n<div class=\"wp-block-column is-layout-flow wp-block-column-is-layout-flow\" style=\"flex-basis:25%\"><\/div>\n\n\n\n<div class=\"wp-block-column is-layout-flow wp-block-column-is-layout-flow\" style=\"flex-basis:50%\">\n<div class=\"wp-block-columns is-layout-flex wp-container-core-columns-is-layout-28f84493 wp-block-columns-is-layout-flex\">\n<div class=\"wp-block-column is-layout-flow wp-block-column-is-layout-flow\">\n<p class=\"has-text-align-center has-background-color has-text-color has-link-color has-content-heading-font-size wp-elements-3270984c005a3fb8a8f67a0d52cce42b\"><strong>Rezenze: <\/strong><\/p>\n<\/div>\n<\/div>\n<\/div>\n\n\n\n<div class=\"wp-block-column is-layout-flow wp-block-column-is-layout-flow\" style=\"flex-basis:25%\"><\/div>\n<\/div>\n\n\n\n<div class=\"wp-block-columns alignfull is-style-have-gap-0 is-layout-flex wp-container-core-columns-is-layout-28f84493 wp-block-columns-is-layout-flex\">\n<div class=\"wp-block-column is-layout-flow wp-block-column-is-layout-flow\" style=\"flex-basis:25%\"><\/div>\n\n\n\n<div class=\"wp-block-column is-layout-flow wp-block-column-is-layout-flow\" style=\"flex-basis:50%\">\n<div class=\"wp-block-columns is-layout-flex wp-container-core-columns-is-layout-28f84493 wp-block-columns-is-layout-flex\">\n<div class=\"wp-block-column is-layout-flow wp-block-column-is-layout-flow\">\n<div class=\"wp-block-group is-layout-constrained wp-block-group-is-layout-constrained\">\n<div class=\"wp-block-columns is-layout-flex wp-container-core-columns-is-layout-28f84493 wp-block-columns-is-layout-flex\">\n<div class=\"wp-block-column is-layout-flow wp-block-column-is-layout-flow\">\n<figure class=\"wp-block-image size-full\"><a href=\"https:\/\/www.tanecniaktuality.cz\/recenze\/xposure-emocni-klani-s-kapkou-groteskna?fbcli\" target=\"_blank\" rel=\"noreferrer noopener\"><img loading=\"lazy\" decoding=\"async\" width=\"900\" height=\"300\" src=\"https:\/\/www.manus-art.cz\/wp-content\/uploads\/2024\/01\/Group-105.png\" alt=\"\" class=\"wp-image-904\" srcset=\"https:\/\/www.manus-art.cz\/wp-content\/uploads\/2024\/01\/Group-105.png 900w, https:\/\/www.manus-art.cz\/wp-content\/uploads\/2024\/01\/Group-105-300x100.png 300w, https:\/\/www.manus-art.cz\/wp-content\/uploads\/2024\/01\/Group-105-768x256.png 768w\" sizes=\"auto, (max-width: 900px) 100vw, 900px\" \/><\/a><\/figure>\n<\/div>\n\n\n\n<div class=\"wp-block-column is-layout-flow wp-block-column-is-layout-flow\">\n<figure class=\"wp-block-image size-full\"><a href=\"https:\/\/operaplus.cz\/hledani-svobody-v-chaosu-emoci-party-na-jevisti-divadla-bravo\/\" target=\"_blank\" rel=\"noreferrer noopener\"><img loading=\"lazy\" decoding=\"async\" width=\"900\" height=\"300\" src=\"https:\/\/www.manus-art.cz\/wp-content\/uploads\/2024\/01\/Group-104.png\" alt=\"\" class=\"wp-image-905\" srcset=\"https:\/\/www.manus-art.cz\/wp-content\/uploads\/2024\/01\/Group-104.png 900w, https:\/\/www.manus-art.cz\/wp-content\/uploads\/2024\/01\/Group-104-300x100.png 300w, https:\/\/www.manus-art.cz\/wp-content\/uploads\/2024\/01\/Group-104-768x256.png 768w\" sizes=\"auto, (max-width: 900px) 100vw, 900px\" \/><\/a><\/figure>\n<\/div>\n<\/div>\n<\/div>\n<\/div>\n<\/div>\n<\/div>\n\n\n\n<div class=\"wp-block-column is-layout-flow wp-block-column-is-layout-flow\" style=\"flex-basis:25%\"><\/div>\n<\/div>\n\n\n\n<div style=\"height:40px\" aria-hidden=\"true\" class=\"wp-block-spacer\"><\/div>\n","protected":false},"excerpt":{"rendered":"<p>XPOSURE Premi\u00e9ra 15.12. 2023, Divadlo BRAVO, Praha D\u00e9lka p\u0159edstaven\u00ed: 50 min Xposure je abstraktn\u00ed a vizu\u00e1ln\u00ed p\u0159edstaven\u00ed zalo\u017een\u00e9 na specifick\u00e9m pohybov\u00e9m materi\u00e1lu, kter\u00fd reprezentuje vnit\u0159n\u00ed emocion\u00e1ln\u00ed konflikt skrz vyj\u00e1d\u0159en\u00ed t\u011bla. Jak se projevuje vnit\u0159n\u00ed bojna ment\u00e1ln\u00ed, emocion\u00e1ln\u00ed a fyzick\u00e9 \u00farovni?Spole\u010dnost ve kter\u00e9 \u017eijeme n\u00e1s u\u010d\u00ed skr\u00fdvat sv\u00e9 vnit\u0159n\u00ed d\u00e9mony, z\u016fstanou hluboko v podv\u011bdom\u00ed, kde je [&hellip;]<\/p>\n","protected":false},"author":1,"featured_media":0,"parent":0,"menu_order":0,"comment_status":"closed","ping_status":"closed","template":"","meta":{"_eb_attr":"","footnotes":""},"class_list":["post-859","page","type-page","status-publish","hentry"],"_links":{"self":[{"href":"https:\/\/www.manus-art.cz\/index.php?rest_route=\/wp\/v2\/pages\/859","targetHints":{"allow":["GET"]}}],"collection":[{"href":"https:\/\/www.manus-art.cz\/index.php?rest_route=\/wp\/v2\/pages"}],"about":[{"href":"https:\/\/www.manus-art.cz\/index.php?rest_route=\/wp\/v2\/types\/page"}],"author":[{"embeddable":true,"href":"https:\/\/www.manus-art.cz\/index.php?rest_route=\/wp\/v2\/users\/1"}],"replies":[{"embeddable":true,"href":"https:\/\/www.manus-art.cz\/index.php?rest_route=%2Fwp%2Fv2%2Fcomments&post=859"}],"version-history":[{"count":24,"href":"https:\/\/www.manus-art.cz\/index.php?rest_route=\/wp\/v2\/pages\/859\/revisions"}],"predecessor-version":[{"id":978,"href":"https:\/\/www.manus-art.cz\/index.php?rest_route=\/wp\/v2\/pages\/859\/revisions\/978"}],"wp:attachment":[{"href":"https:\/\/www.manus-art.cz\/index.php?rest_route=%2Fwp%2Fv2%2Fmedia&parent=859"}],"curies":[{"name":"wp","href":"https:\/\/api.w.org\/{rel}","templated":true}]}}